{"id":4314,"date":"2023-09-04T10:51:09","date_gmt":"2023-09-04T10:51:09","guid":{"rendered":"https:\/\/www.coutinhorebelo.com\/termes-et-conditions\/"},"modified":"2023-10-13T13:43:21","modified_gmt":"2023-10-13T13:43:21","slug":"termes-et-conditions","status":"publish","type":"page","link":"https:\/\/www.coutinhorebelo.com\/fr\/termes-et-conditions\/","title":{"rendered":"Termes et Conditions"},"content":{"rendered":"\t\t<div data-elementor-type=\"wp-page\" data-elementor-id=\"4314\" class=\"elementor elementor-4314 elementor-3968\" data-elementor-settings=\"{&quot;ha_cmc_init_switcher&quot;:&quot;no&quot;}\">\n\t\t\t\t<div class=\"elementor-element elementor-element-6b25b93 e-flex e-con-boxed e-con e-parent\" data-id=\"6b25b93\" data-element_type=\"container\" data-settings=\"{&quot;jet_parallax_layout_list&quot;:[],&quot;_ha_eqh_enable&quot;:false}\">\n\t\t\t\t\t<div class=\"e-con-inner\">\n\t\t\t\t<div class=\"elementor-element elementor-element-a0fd9a7 elementor-widget elementor-widget-html\" data-id=\"a0fd9a7\" data-element_type=\"widget\" data-widget_type=\"html.default\">\n\t\t\t\t<div class=\"elementor-widget-container\">\n\t\t\t\t\t<style>.border-top {\n position: relative;\n }\n\n .border-top::before {\n content: \"\";\n position: absolute;\n top: -10px;\n left: 0;\n width: 50px;\n border-top: 1px solid #70828E; }\n \n ol.termos > li {\n     margin-bottom: 15px;\n }\n ol.termos > li> p {\n     margin-bottom: 7px;\n }\n<\/style>\t\t\t\t<\/div>\n\t\t\t\t<\/div>\n\t\t\t\t\t<\/div>\n\t\t\t\t<\/div>\n\t\t<div class=\"elementor-element elementor-element-7acf510 e-flex e-con-boxed e-con e-parent\" data-id=\"7acf510\" data-element_type=\"container\" data-settings=\"{&quot;jet_parallax_layout_list&quot;:[],&quot;_ha_eqh_enable&quot;:false}\">\n\t\t\t\t\t<div class=\"e-con-inner\">\n\t\t\t\t<div class=\"elementor-element elementor-element-e145246 elementor-widget__width-auto border-top elementor-widget elementor-widget-heading\" data-id=\"e145246\" data-element_type=\"widget\" data-widget_type=\"heading.default\">\n\t\t\t\t<div class=\"elementor-widget-container\">\n\t\t\t\t\t<h4 class=\"elementor-heading-title elementor-size-default\">Termes et Conditions<\/h4>\t\t\t\t<\/div>\n\t\t\t\t<\/div>\n\t\t\t\t<div class=\"elementor-element elementor-element-4e29b1e elementor-widget elementor-widget-heading\" data-id=\"4e29b1e\" data-element_type=\"widget\" data-widget_type=\"heading.default\">\n\t\t\t\t<div class=\"elementor-widget-container\">\n\t\t\t\t\t<h5 class=\"elementor-heading-title elementor-size-default\">EXCLUSION DE RESPONSABILIT\u00c9\/AVERTISSEMENTS<\/h5>\t\t\t\t<\/div>\n\t\t\t\t<\/div>\n\t\t\t\t<div class=\"elementor-element elementor-element-441d274 elementor-widget elementor-widget-heading\" data-id=\"441d274\" data-element_type=\"widget\" data-widget_type=\"heading.default\">\n\t\t\t\t<div class=\"elementor-widget-container\">\n\t\t\t\t\t<h5 class=\"elementor-heading-title elementor-size-default\">Coutinho Rebelo \u2013 Avocats \u2013 SITE WEB \u2013 TERMES ET CONDITIONS D'UTILISATION<\/h5>\t\t\t\t<\/div>\n\t\t\t\t<\/div>\n\t\t\t\t<div class=\"elementor-element elementor-element-ec3c72e elementor-widget elementor-widget-text-editor\" data-id=\"ec3c72e\" data-element_type=\"widget\" data-widget_type=\"text-editor.default\">\n\t\t\t\t<div class=\"elementor-widget-container\">\n\t\t\t\t\t\t\t\t\t<p>Veuillez lire attentivement les conditions g\u00e9n\u00e9rales d&rsquo;utilisation suivantes (\u00ab Conditions \u00bb) avant d&rsquo;utiliser ce site Web (\u00ab Site \u00bb). L&rsquo;utilisation de ce Site est r\u00e9gie par les pr\u00e9sentes conditions, qui lient l&rsquo;Utilisateur et Coutinho Rebelo \u2013 Avocats (ci-apr\u00e8s d\u00e9nomm\u00e9 <strong>CRA<\/strong>).<\/p><p>\u00a0<\/p><p><strong>1. Objet de ce site et mentions l\u00e9gales<\/strong><\/p><p><strong>CRA<\/strong> fournit ce site Web aux visiteurs (\u00ab\u00a0Utilisateur\u00a0\u00bb), exclusivement \u00e0 des fins informatives et non commerciales. Rien de ce qui est indiqu\u00e9 sur ce site ne peut \u00eatre interpr\u00e9t\u00e9 comme un avis juridique. Les informations contenues sur ce site ne sont pas confidentielles et n&rsquo;\u00e9tablissent pas de relation avocat-client avec <strong>CRA<\/strong> ou l&rsquo;un de ses avocats. Le Site ne constitue pas une proposition de repr\u00e9sentation de l&rsquo;Utilisateur et l&rsquo;Utilisateur ne doit pas agir ou s&rsquo;abstenir d&rsquo;agir sur la base des informations contenues sur ce Site.<\/p><p>\u00a0<\/p><p><strong>2. Acceptation des conditions<\/strong><\/p><p>L&rsquo;utilisation du Site par l&rsquo;Utilisateur constitue l&rsquo;acceptation pleine et enti\u00e8re de chacune de ces conditions, comme si l&rsquo;Utilisateur avait sign\u00e9 le pr\u00e9sent Contrat. Si vous n&rsquo;\u00eates pas d&rsquo;accord avec ces conditions, n&rsquo;utilisez pas ce site.<\/p><p>\u00a0<\/p><p><strong>3. Autorisation limit\u00e9e d&rsquo;utiliser des informations prot\u00e9g\u00e9es<\/strong><\/p><p><strong>CRA<\/strong> autorise l&rsquo;Utilisateur \u00e0 visualiser, transf\u00e9rer sur son ordinateur ou appareil mobile et reproduire les informations plac\u00e9es sur le Site (\u00ab Informations \u00bb), \u00e0 condition que l&rsquo;Utilisateur s&rsquo;engage \u00e0 respecter les conditions suivantes : l&rsquo;Utilisateur peut visualiser, transf\u00e9rer sur son ordinateur ou appareil mobile et reproduire les informations uniquement \u00e0 des fins personnelles et non commerciales\u00a0; l&rsquo;Utilisateur doit observer et reproduire tous les avis ou r\u00e9serves de droits d&rsquo;auteur ou tout autre avis ou r\u00e9serve de droits de propri\u00e9t\u00e9 intellectuelle contenus dans toute Information que l&rsquo;Utilisateur consulte, transf\u00e8re sur son ordinateur ou appareil mobile ou reproduit\u00a0; A l\u2019exception des dispositions de l\u2019autorisation limit\u00e9e vis\u00e9e ci-dessus, l\u2019Utilisateur ne se voit accorder aucune licence ni aucun droit relatif aux Informations de ce Site ; l&rsquo;Utilisateur ne peut pas modifier, transmettre, reproduire, distribuer, publier, transf\u00e9rer, vendre ou utiliser de toute autre mani\u00e8re toute Information obtenue sur ou via le Site.<\/p><p>Le site contient des r\u00e9f\u00e9rences \u00e0 des marques de commerce, des droits d&rsquo;auteur, des brevets, des secrets commerciaux, des logos ou d&rsquo;autres droits de propri\u00e9t\u00e9 de <strong>CRA.<\/strong> Les informations et le contenu de propri\u00e9t\u00e9 intellectuelle pr\u00e9sents sur le Site appartiennent exclusivement \u00e0 <strong>CRA<\/strong>. <strong>CRA<\/strong> est \u00e9galement titulaire du droit de propri\u00e9t\u00e9 intellectuelle sur le contenu du Site, en tant qu&rsquo;\u0153uvre collective et\/ou composite, ainsi que sur la s\u00e9lection, la coordination et la composition du contenu du Site. Sauf disposition contraire des pr\u00e9sentes, l\u2019Utilisateur ne se voit accorder aucune licence d\u2019utilisation ni aucun droit sur les Informations contenues sur ce Site. Le non-respect de ce qui est \u00e9tabli ici concernant les Informations et l&rsquo;utilisation des objets de propri\u00e9t\u00e9 intellectuelle affich\u00e9s ou autrement mis \u00e0 disposition sur le Site constitue une violation grave des pr\u00e9sentes conditions et implique la perte imm\u00e9diate de l&rsquo;autorisation limit\u00e9e accord\u00e9e ci-dessus.<\/p><p>Les images de personnes ou de lieux affich\u00e9es sur le site sont la propri\u00e9t\u00e9 de <strong>CRA<\/strong> ou sont utilis\u00e9es avec sa permission. L&rsquo;utilisation de ces images par l&rsquo;Utilisateur ou une autre personne autoris\u00e9e par l&rsquo;Utilisateur est interdite, sauf autorisation expresse des pr\u00e9sentes conditions ou d&rsquo;une autorisation sp\u00e9cifique donn\u00e9e ailleurs sur le Site. Toute utilisation non autoris\u00e9e des images peut violer la l\u00e9gislation sur la propri\u00e9t\u00e9 intellectuelle, les marques, les droits de la personnalit\u00e9 et la publicit\u00e9 et, occasionnellement, d&rsquo;autres lois et r\u00e9glementations.<\/p><p>Le Site contient \u00e9galement des r\u00e9f\u00e9rences \u00e0 des objets de propri\u00e9t\u00e9 intellectuelle de tiers. Rien dans ces conditions ne constitue l\u2019octroi d\u2019une licence ou d\u2019une autorisation concernant une partie quelconque de ces informations.<\/p><p>\u00a0<\/p><p><strong>4. Exactitude, limitation de responsabilit\u00e9 et exclusion de garanties<\/strong><\/p><p><strong>CRA<\/strong> fera preuve de diligence raisonnable pour s&rsquo;assurer que toutes les informations contenues sur le site sont exactes et \u00e0 jour. Toutefois, l&rsquo;utilisation et la lecture du contenu de ce Site se font exclusivement aux risques et p\u00e9rils de l&rsquo;Utilisateur et le Site est mis \u00e0 disposition tel quel. <strong>CRA<\/strong> ne fournit aucune garantie, expresse ou implicite, concernant l&rsquo;utilisation de ce site et du mat\u00e9riel qu&rsquo;il contient. <strong>CRA<\/strong> exclut toute garantie expresse ou implicite d&rsquo;exactitude ou de qualit\u00e9 et toute garantie expresse ou implicite d&rsquo;ad\u00e9quation \u00e0 un usage particulier ou de non-violation des droits de tiers et n&rsquo;assume aucune responsabilit\u00e9 pour toute erreur et\/ou omission dans les informations contenues sur ce site. <strong>CRA<\/strong> exclut express\u00e9ment toute responsabilit\u00e9 pour tout dommage ou virus qui pourrait infecter l&rsquo;ordinateur ou l&rsquo;appareil mobile de l&rsquo;utilisateur, ou tout autre bien, lors de l&rsquo;acc\u00e8s ou de la navigation sur le site ou du transfert de mat\u00e9riel du site vers votre ordinateur ou appareil mobile.<\/p><p><strong>CRA<\/strong> n&rsquo;accepte en aucun cas la responsabilit\u00e9 de toute perte indirecte, occasionnelle ou extraordinaire, qu&rsquo;elle soit contractuelle ou non contractuelle, qui pourrait r\u00e9sulter de son action ou de son omission dans le cadre du pr\u00e9sent Accord, m\u00eame si <strong>CRA<\/strong> a \u00e9t\u00e9 alert\u00e9e de la possibilit\u00e9 de ces pertes se produisant.<\/p><p>\u00a0<\/p><p><strong>5. Liens vers des sites tiers<\/strong><\/p><p>Ce site contient des liens vers d&rsquo;autres sites Web ou des champs d&rsquo;information sur d&rsquo;autres sites Web qui ne sont pas sous le contr\u00f4le de <strong>CRA<\/strong>. <strong>CRA<\/strong> fournit ces liens et\/ou champs \u00e0 l&rsquo;utilisateur uniquement \u00e0 titre de fonctionnalit\u00e9 accord\u00e9e.<\/p><p><strong>CRA<\/strong> ne fait aucune approbation, garantie ou repr\u00e9sentation concernant ces sites, y compris les produits, logiciels, mat\u00e9riels, services, contenus, exactitude ou ad\u00e9quation du contenu des sites Web auxquels ces liens renvoient. La d\u00e9cision de l&rsquo;utilisateur d&rsquo;acc\u00e9der \u00e0 ces sites Web se fait \u00e0 ses propres risques. L&rsquo;Utilisateur doit prendre particuli\u00e8rement note du fait que les politiques suivies par d&rsquo;autres sites li\u00e9s au Site de <strong>CRA<\/strong> peuvent \u00eatre sensiblement diff\u00e9rentes de nos Conditions, notamment en ce qui concerne l&rsquo;utilisation et la collecte de renseignements personnels. Aucune autorisation n&rsquo;est donn\u00e9e ici \u00e0 l&rsquo;utilisateur pour \u00e9tablir un lien \u00e0 partir de tout autre site Web vers une partie de ce site ou pour placer tout contenu sur ce site dans un champ d&rsquo;information, sans autorisation \u00e9crite pr\u00e9alable de <strong>CRA<\/strong>.<\/p><p>\u00a0<\/p><p><strong>6. Dispositions diverses<\/strong><\/p><p><strong>CRA<\/strong> se r\u00e9serve le droit d&rsquo;introduire des modifications et des ajouts aux Conditions, \u00e0 tout moment et sans pr\u00e9avis, en publiant les nouvelles conditions g\u00e9n\u00e9rales sur le site Web \u00e0 cette fin. L&rsquo;Utilisateur doit v\u00e9rifier p\u00e9riodiquement les Conditions pour les mises \u00e0 jour. L&rsquo;utilisation du Site, apr\u00e8s la mise en ligne de tout changement ou ajout, constitue l&rsquo;acceptation des nouvelles conditions, comme indiqu\u00e9 ci-dessus.<\/p><p>\u00a0<\/p><p><strong>7. Nous sommes toujours disponibles pour vous<\/strong><\/p><p>Si vous avez des questions ou avez besoin d&rsquo;informations compl\u00e9mentaires concernant le traitement des donn\u00e9es personnelles que nous effectuons sur la base de nos cookies, veuillez nous contacter via les canaux suivants :<\/p><ul><li>Courriel : \u00e0 l&rsquo;adresse \u00e9lectronique dpo@coutinhorebelo.com ; or<\/li><li>Lettre : adress\u00e9e \u00e0 Coutinho Rebelo \u2013 Avocats, Rua Serpa Pinto, n\u00ba 15, 4\u00ba Direito 1200-443 Lisbonne<\/li><\/ul>\t\t\t\t\t\t\t\t<\/div>\n\t\t\t\t<\/div>\n\t\t\t\t\t<\/div>\n\t\t\t\t<\/div>\n\t\t\t\t<\/div>\n\t\t","protected":false},"excerpt":{"rendered":"<p>Termes et Conditions EXCLUSION DE RESPONSABILIT\u00c9\/AVERTISSEMENTS Coutinho Rebelo \u2013 Avocats \u2013 SITE WEB \u2013 TERMES ET CONDITIONS D&rsquo;UTILISATION Veuillez lire attentivement les conditions g\u00e9n\u00e9rales d&rsquo;utilisation suivantes (\u00ab Conditions \u00bb) avant d&rsquo;utiliser ce site Web (\u00ab Site \u00bb). L&rsquo;utilisation de ce Site est r\u00e9gie par les pr\u00e9sentes conditions, qui lient l&rsquo;Utilisateur et Coutinho Rebelo \u2013 Avocats [&hellip;]<\/p>\n","protected":false},"author":1,"featured_media":0,"parent":0,"menu_order":0,"comment_status":"closed","ping_status":"closed","template":"","meta":{"inline_featured_image":false,"footnotes":""},"class_list":["post-4314","page","type-page","status-publish","hentry"],"blocksy_meta":[],"yoast_head":"<!-- This site is optimized with the Yoast SEO plugin v26.3 - https:\/\/yoast.com\/wordpress\/plugins\/seo\/ -->\n<title>Termes et Conditions - Coutinho Rebelo Advogados<\/title>\n<meta name=\"robots\" content=\"index, follow, max-snippet:-1, max-image-preview:large, max-video-preview:-1\" \/>\n<link rel=\"canonical\" href=\"https:\/\/www.coutinhorebelo.com\/fr\/termes-et-conditions\/\" \/>\n<meta property=\"og:locale\" content=\"fr_FR\" \/>\n<meta property=\"og:type\" content=\"article\" \/>\n<meta property=\"og:title\" content=\"Termes et Conditions - Coutinho Rebelo Advogados\" \/>\n<meta property=\"og:description\" content=\"Termes et Conditions EXCLUSION DE RESPONSABILIT\u00c9\/AVERTISSEMENTS Coutinho Rebelo \u2013 Avocats \u2013 SITE WEB \u2013 TERMES ET CONDITIONS D&rsquo;UTILISATION Veuillez lire attentivement les conditions g\u00e9n\u00e9rales d&rsquo;utilisation suivantes (\u00ab Conditions \u00bb) avant d&rsquo;utiliser ce site Web (\u00ab Site \u00bb). L&rsquo;utilisation de ce Site est r\u00e9gie par les pr\u00e9sentes conditions, qui lient l&rsquo;Utilisateur et Coutinho Rebelo \u2013 Avocats [&hellip;]\" \/>\n<meta property=\"og:url\" content=\"https:\/\/www.coutinhorebelo.com\/fr\/termes-et-conditions\/\" \/>\n<meta property=\"og:site_name\" content=\"Coutinho Rebelo Advogados\" \/>\n<meta property=\"article:modified_time\" content=\"2023-10-13T13:43:21+00:00\" \/>\n<meta name=\"twitter:card\" content=\"summary_large_image\" \/>\n<meta name=\"twitter:label1\" content=\"Dur\u00e9e de lecture estim\u00e9e\" \/>\n\t<meta name=\"twitter:data1\" content=\"6 minutes\" \/>\n<script type=\"application\/ld+json\" class=\"yoast-schema-graph\">{\"@context\":\"https:\/\/schema.org\",\"@graph\":[{\"@type\":\"WebPage\",\"@id\":\"https:\/\/www.coutinhorebelo.com\/fr\/termes-et-conditions\/\",\"url\":\"https:\/\/www.coutinhorebelo.com\/fr\/termes-et-conditions\/\",\"name\":\"Termes et Conditions - Coutinho Rebelo Advogados\",\"isPartOf\":{\"@id\":\"https:\/\/www.coutinhorebelo.com\/#website\"},\"datePublished\":\"2023-09-04T10:51:09+00:00\",\"dateModified\":\"2023-10-13T13:43:21+00:00\",\"breadcrumb\":{\"@id\":\"https:\/\/www.coutinhorebelo.com\/fr\/termes-et-conditions\/#breadcrumb\"},\"inLanguage\":\"fr-FR\",\"potentialAction\":[{\"@type\":\"ReadAction\",\"target\":[\"https:\/\/www.coutinhorebelo.com\/fr\/termes-et-conditions\/\"]}]},{\"@type\":\"BreadcrumbList\",\"@id\":\"https:\/\/www.coutinhorebelo.com\/fr\/termes-et-conditions\/#breadcrumb\",\"itemListElement\":[{\"@type\":\"ListItem\",\"position\":1,\"name\":\"In\u00edcio\",\"item\":\"https:\/\/www.coutinhorebelo.com\/\"},{\"@type\":\"ListItem\",\"position\":2,\"name\":\"Termes et Conditions\"}]},{\"@type\":\"WebSite\",\"@id\":\"https:\/\/www.coutinhorebelo.com\/#website\",\"url\":\"https:\/\/www.coutinhorebelo.com\/\",\"name\":\"Coutinho Rebelo Advogados\",\"description\":\"Num mar de leis, o seu farol.\",\"publisher\":{\"@id\":\"https:\/\/www.coutinhorebelo.com\/#organization\"},\"alternateName\":\"Coutinho Rebelo\",\"potentialAction\":[{\"@type\":\"SearchAction\",\"target\":{\"@type\":\"EntryPoint\",\"urlTemplate\":\"https:\/\/www.coutinhorebelo.com\/?s={search_term_string}\"},\"query-input\":{\"@type\":\"PropertyValueSpecification\",\"valueRequired\":true,\"valueName\":\"search_term_string\"}}],\"inLanguage\":\"fr-FR\"},{\"@type\":\"Organization\",\"@id\":\"https:\/\/www.coutinhorebelo.com\/#organization\",\"name\":\"Coutinho Rebelo Advogados\",\"alternateName\":\"Ant\u00f3nio Coutinho Rebelo\",\"url\":\"https:\/\/www.coutinhorebelo.com\/\",\"logo\":{\"@type\":\"ImageObject\",\"inLanguage\":\"fr-FR\",\"@id\":\"https:\/\/www.coutinhorebelo.com\/#\/schema\/logo\/image\/\",\"url\":\"https:\/\/www.coutinhorebelo.com\/wp-content\/uploads\/2023\/06\/coutinho_rebelo-logo-pt.svg\",\"contentUrl\":\"https:\/\/www.coutinhorebelo.com\/wp-content\/uploads\/2023\/06\/coutinho_rebelo-logo-pt.svg\",\"width\":222.1,\"height\":100,\"caption\":\"Coutinho Rebelo Advogados\"},\"image\":{\"@id\":\"https:\/\/www.coutinhorebelo.com\/#\/schema\/logo\/image\/\"}}]}<\/script>\n<!-- \/ Yoast SEO plugin. -->","yoast_head_json":{"title":"Termes et Conditions - Coutinho Rebelo Advogados","robots":{"index":"index","follow":"follow","max-snippet":"max-snippet:-1","max-image-preview":"max-image-preview:large","max-video-preview":"max-video-preview:-1"},"canonical":"https:\/\/www.coutinhorebelo.com\/fr\/termes-et-conditions\/","og_locale":"fr_FR","og_type":"article","og_title":"Termes et Conditions - Coutinho Rebelo Advogados","og_description":"Termes et Conditions EXCLUSION DE RESPONSABILIT\u00c9\/AVERTISSEMENTS Coutinho Rebelo \u2013 Avocats \u2013 SITE WEB \u2013 TERMES ET CONDITIONS D&rsquo;UTILISATION Veuillez lire attentivement les conditions g\u00e9n\u00e9rales d&rsquo;utilisation suivantes (\u00ab Conditions \u00bb) avant d&rsquo;utiliser ce site Web (\u00ab Site \u00bb). L&rsquo;utilisation de ce Site est r\u00e9gie par les pr\u00e9sentes conditions, qui lient l&rsquo;Utilisateur et Coutinho Rebelo \u2013 Avocats [&hellip;]","og_url":"https:\/\/www.coutinhorebelo.com\/fr\/termes-et-conditions\/","og_site_name":"Coutinho Rebelo Advogados","article_modified_time":"2023-10-13T13:43:21+00:00","twitter_card":"summary_large_image","twitter_misc":{"Dur\u00e9e de lecture estim\u00e9e":"6 minutes"},"schema":{"@context":"https:\/\/schema.org","@graph":[{"@type":"WebPage","@id":"https:\/\/www.coutinhorebelo.com\/fr\/termes-et-conditions\/","url":"https:\/\/www.coutinhorebelo.com\/fr\/termes-et-conditions\/","name":"Termes et Conditions - Coutinho Rebelo Advogados","isPartOf":{"@id":"https:\/\/www.coutinhorebelo.com\/#website"},"datePublished":"2023-09-04T10:51:09+00:00","dateModified":"2023-10-13T13:43:21+00:00","breadcrumb":{"@id":"https:\/\/www.coutinhorebelo.com\/fr\/termes-et-conditions\/#breadcrumb"},"inLanguage":"fr-FR","potentialAction":[{"@type":"ReadAction","target":["https:\/\/www.coutinhorebelo.com\/fr\/termes-et-conditions\/"]}]},{"@type":"BreadcrumbList","@id":"https:\/\/www.coutinhorebelo.com\/fr\/termes-et-conditions\/#breadcrumb","itemListElement":[{"@type":"ListItem","position":1,"name":"In\u00edcio","item":"https:\/\/www.coutinhorebelo.com\/"},{"@type":"ListItem","position":2,"name":"Termes et Conditions"}]},{"@type":"WebSite","@id":"https:\/\/www.coutinhorebelo.com\/#website","url":"https:\/\/www.coutinhorebelo.com\/","name":"Coutinho Rebelo Advogados","description":"Num mar de leis, o seu farol.","publisher":{"@id":"https:\/\/www.coutinhorebelo.com\/#organization"},"alternateName":"Coutinho Rebelo","potentialAction":[{"@type":"SearchAction","target":{"@type":"EntryPoint","urlTemplate":"https:\/\/www.coutinhorebelo.com\/?s={search_term_string}"},"query-input":{"@type":"PropertyValueSpecification","valueRequired":true,"valueName":"search_term_string"}}],"inLanguage":"fr-FR"},{"@type":"Organization","@id":"https:\/\/www.coutinhorebelo.com\/#organization","name":"Coutinho Rebelo Advogados","alternateName":"Ant\u00f3nio Coutinho Rebelo","url":"https:\/\/www.coutinhorebelo.com\/","logo":{"@type":"ImageObject","inLanguage":"fr-FR","@id":"https:\/\/www.coutinhorebelo.com\/#\/schema\/logo\/image\/","url":"https:\/\/www.coutinhorebelo.com\/wp-content\/uploads\/2023\/06\/coutinho_rebelo-logo-pt.svg","contentUrl":"https:\/\/www.coutinhorebelo.com\/wp-content\/uploads\/2023\/06\/coutinho_rebelo-logo-pt.svg","width":222.1,"height":100,"caption":"Coutinho Rebelo Advogados"},"image":{"@id":"https:\/\/www.coutinhorebelo.com\/#\/schema\/logo\/image\/"}}]}},"_links":{"self":[{"href":"https:\/\/www.coutinhorebelo.com\/fr\/wp-json\/wp\/v2\/pages\/4314","targetHints":{"allow":["GET"]}}],"collection":[{"href":"https:\/\/www.coutinhorebelo.com\/fr\/wp-json\/wp\/v2\/pages"}],"about":[{"href":"https:\/\/www.coutinhorebelo.com\/fr\/wp-json\/wp\/v2\/types\/page"}],"author":[{"embeddable":true,"href":"https:\/\/www.coutinhorebelo.com\/fr\/wp-json\/wp\/v2\/users\/1"}],"replies":[{"embeddable":true,"href":"https:\/\/www.coutinhorebelo.com\/fr\/wp-json\/wp\/v2\/comments?post=4314"}],"version-history":[{"count":4,"href":"https:\/\/www.coutinhorebelo.com\/fr\/wp-json\/wp\/v2\/pages\/4314\/revisions"}],"predecessor-version":[{"id":4319,"href":"https:\/\/www.coutinhorebelo.com\/fr\/wp-json\/wp\/v2\/pages\/4314\/revisions\/4319"}],"wp:attachment":[{"href":"https:\/\/www.coutinhorebelo.com\/fr\/wp-json\/wp\/v2\/media?parent=4314"}],"curies":[{"name":"wp","href":"https:\/\/api.w.org\/{rel}","templated":true}]}}