{"id":4255,"date":"2023-06-29T16:23:45","date_gmt":"2023-06-29T16:23:45","guid":{"rendered":"https:\/\/www.coutinhorebelo.com\/politique-de-confidentialite\/"},"modified":"2023-10-13T11:53:42","modified_gmt":"2023-10-13T11:53:42","slug":"politique-de-confidentialite","status":"publish","type":"page","link":"https:\/\/www.coutinhorebelo.com\/fr\/politique-de-confidentialite\/","title":{"rendered":"Politique de Confidentialit\u00e9"},"content":{"rendered":"\t\t<div data-elementor-type=\"wp-page\" data-elementor-id=\"4255\" class=\"elementor elementor-4255 elementor-3\" data-elementor-settings=\"{&quot;ha_cmc_init_switcher&quot;:&quot;no&quot;}\">\n\t\t\t\t<div class=\"elementor-element elementor-element-28f678f e-flex e-con-boxed e-con e-parent\" data-id=\"28f678f\" data-element_type=\"container\" data-settings=\"{&quot;jet_parallax_layout_list&quot;:[],&quot;_ha_eqh_enable&quot;:false}\">\n\t\t\t\t\t<div class=\"e-con-inner\">\n\t\t\t\t<div class=\"elementor-element elementor-element-44ad780 elementor-widget elementor-widget-html\" data-id=\"44ad780\" data-element_type=\"widget\" data-widget_type=\"html.default\">\n\t\t\t\t<div class=\"elementor-widget-container\">\n\t\t\t\t\t<style>.border-top {\n position: relative;\n }\n\n .border-top::before {\n content: \"\";\n position: absolute;\n top: -10px;\n left: 0;\n width: 50px;\n border-top: 1px solid #70828E; }\n<\/style>\t\t\t\t<\/div>\n\t\t\t\t<\/div>\n\t\t\t\t\t<\/div>\n\t\t\t\t<\/div>\n\t\t<div class=\"elementor-element elementor-element-300c1a0 e-flex e-con-boxed e-con e-parent\" data-id=\"300c1a0\" data-element_type=\"container\" data-settings=\"{&quot;jet_parallax_layout_list&quot;:[],&quot;_ha_eqh_enable&quot;:false}\">\n\t\t\t\t\t<div class=\"e-con-inner\">\n\t\t\t\t<div class=\"elementor-element elementor-element-97dce9f elementor-widget__width-auto border-top elementor-widget elementor-widget-heading\" data-id=\"97dce9f\" data-element_type=\"widget\" data-widget_type=\"heading.default\">\n\t\t\t\t<div class=\"elementor-widget-container\">\n\t\t\t\t\t<h4 class=\"elementor-heading-title elementor-size-default\">Politique de Confidentialit\u00e9<\/h4>\t\t\t\t<\/div>\n\t\t\t\t<\/div>\n\t\t\t\t<div class=\"elementor-element elementor-element-fa738c3 elementor-widget elementor-widget-text-editor\" data-id=\"fa738c3\" data-element_type=\"widget\" data-widget_type=\"text-editor.default\">\n\t\t\t\t<div class=\"elementor-widget-container\">\n\t\t\t\t\t\t\t\t\t<p>Cette Politique contient les r\u00e8gles applicables \u00e0 la collecte et au traitement des donn\u00e9es personnelles par Coutinho Rebelo Avocats, \u00e0 savoir son site internet (www.coutinhorebelo.com). Ces r\u00e8gles ne remplacent aucune clause faisant l&rsquo;objet d&rsquo;un accord sp\u00e9cifique avec tout client, partenaire et\/ou fournisseur. Dans ce cas, cette politique peut compl\u00e9ter ces documents, mais non les remplacer. Titulaire et\/ou Client et\/ou Utilisateur sont des termes utilis\u00e9s de mani\u00e8re interchangeable dans la pr\u00e9sente Politique pour d\u00e9signer le titulaire des donn\u00e9es personnelles.<\/p><p>\u00a0<\/p><p>En fournissant \u00e0 Coutinho Rebelo Avocats ses donn\u00e9es personnelles, le titulaire reconna\u00eet et d\u00e9clare que :<\/p><p>\u2022 Vous \u00eates majeur ;<\/p><p>\u2022 Autorise la collecte, le traitement et le traitement des donn\u00e9es personnelles dans les conditions d\u00e9crites ici.<\/p><p>\u00a0<\/p><p>a) <strong>Identification du responsable du traitement des donn\u00e9es<\/strong><\/p><p>\u00a0<\/p><p>Coutinho Rebelo Avocats, dont le domicile est \u00e0 Rue Serpa Pinto, num\u00e9ro 15, 4\u00e9me \u00e9tage droit, 1200-443 Lisbonne, Portugal.Contacts\u00a0: <a href=\"mailto:dpo@coutinhorebelo.com\">dpo@coutinhorebelo.com<\/a><\/p><p>\u00a0<\/p><p>b) <strong>Propri\u00e9t\u00e9 intellectuelle<\/strong><\/p><p>\u00a0<\/p><p>Le contenu de ce site Internet, c&rsquo;est-\u00e0-dire toutes les informations disponibles, \u00e0 savoir les textes, logos, ic\u00f4nes, images, graphiques, vid\u00e9os, sons et photographies, sont la propri\u00e9t\u00e9 de Coutinho Rebelo Avocats, \u00e0 l&rsquo;exception des sources express\u00e9ment indiqu\u00e9es. Le contenu est prot\u00e9g\u00e9 par le droit d&rsquo;auteur, en vertu des lois portugaises et de l&rsquo;Union europ\u00e9enne. La reproduction et la distribution, en tout ou en partie, de tout \u00e9l\u00e9ment contenu sur ce site Web, y compris son encadrement, ses moyens analogues de reproduction et son stockage num\u00e9rique, sont express\u00e9ment interdites en l&rsquo;absence d&rsquo;autorisation \u00e9crite de cette soci\u00e9t\u00e9. Les exceptions autoris\u00e9es par la loi sont exclues de cette condition. Si du mat\u00e9riel a \u00e9t\u00e9 publi\u00e9 involontairement et est soumis au droit d&rsquo;auteur ou en violation de la loi, nous demandons aux utilisateurs concern\u00e9s de le signaler \u00e0 Coutinho Rebelo Avocats afin qu&rsquo;il puisse \u00eatre imm\u00e9diatement supprim\u00e9. Pour ce faire, contactez <a href=\"mailto:dpo@coutinhorebelo.com\">dpo@coutinhorebelo.com<\/a>, ou par courrier, \u00e0 Rue Serpa Pinto, num\u00e9ro 15, 4\u00e9me \u00e9tage droit, 1200-443 Lisbonne, Portugal.Les informations contenues sur ce site Internet peuvent contenir des inexactitudes techniques, des omissions ou des erreurs typographiques et peuvent donc \u00eatre sujettes \u00e0 des modifications ou des mises \u00e0 jour sans pr\u00e9avis. Elle se r\u00e9serve le droit d&rsquo;apporter des modifications et\/ou des am\u00e9liorations sans pr\u00e9avis \u00e0 ces contenus, ainsi qu&rsquo;aux services\/produits d\u00e9crits sur ce site.<\/p><p>\u00a0<\/p><p>c) <strong>Finalit\u00e9 de la collecte de donn\u00e9es personnelles<\/strong><\/p><p>\u00a0<\/p><p>Coutinho Rebelo Avocats fournit des services juridiques l\u00e9gaux. Pour ce faire, il est n\u00e9cessaire de collecter des donn\u00e9es personnelles pour les finalit\u00e9s suivantes:<\/p><p>\u00a0<\/p><p>Exemples :<\/p><p>\u2022 Envoyer des informations commerciales au Client, y compris l&rsquo;envoi d&rsquo;une newsletter \u00e0 toute personne qui en fait la demande, pour autant qu&rsquo;elle ait donn\u00e9 son consentement et n&rsquo;ait pas refus\u00e9 l&rsquo;utilisation de ses coordonn\u00e9es \u00e0 cette fin ;<\/p><p>\u2022 Contacter l&rsquo;Utilisateur ayant compl\u00e9t\u00e9 et envoy\u00e9 un formulaire, \u00e0 condition qu&rsquo;il ait donn\u00e9 son accord pour \u00eatre recontact\u00e9 ;<\/p><p>\u2022 \u00c9laboration de statistiques qui nous permettent de comprendre comment Coutinho Rebelo Avocats peut am\u00e9liorer le niveau de services qu&rsquo;elle offre et, ainsi, r\u00e9pondre plus efficacement aux attentes des utilisateurs.<\/p><p>\u2022 Les donn\u00e9es personnelles collect\u00e9es sont n\u00e9cessaires aux processus de commande et de livraison des marchandises.<\/p><p>\u00a0<\/p><p>d) <strong>Donn\u00e9es qui seront collect\u00e9es<\/strong><\/p><p>\u00a0<\/p><p>Coutinho Rebelo Avocats collectera le nom de l&rsquo;utilisateur, son site Web, son pays de r\u00e9sidence, son courriel, son num\u00e9ro de t\u00e9l\u00e9phone et sa profession, en remplissant les formulaires disponibles dans les diff\u00e9rentes zones du site Web ou par courrier \u00e9lectronique. Les informations signal\u00e9es sur les formulaires par un * sont obligatoires. Le d\u00e9faut de fourniture des informations marqu\u00e9es comme obligatoires entra\u00eenera, le cas \u00e9ch\u00e9ant, l\u2019impossibilit\u00e9 d\u2019analyser les informations et\/ou l\u2019impossibilit\u00e9 de fournir les services demand\u00e9s.Collecte de donn\u00e9es sur r\u00e9seau ouvert : l&rsquo;utilisateur est alert\u00e9 du fait que des informations collect\u00e9es\/envoy\u00e9es sur des r\u00e9seaux ouverts peuvent circuler sur le r\u00e9seau sans conditions de s\u00e9curit\u00e9, avec le risque d&rsquo;\u00eatre vues et utilis\u00e9es par des tiers non autoris\u00e9s. Par cons\u00e9quent, nous vous conseillons d&rsquo;adopter des mesures suppl\u00e9mentaires lors de l&rsquo;utilisation d&rsquo;Internet aux fins de transmission de vos donn\u00e9es personnelles, telles que le cryptage, l&rsquo;utilisation d&rsquo;un pare-feu, un antivirus mis \u00e0 jour, entre autres. Coutinho Rebelo Avocats conservera les donn\u00e9es pendant la dur\u00e9e de conservation conform\u00e9ment \u00e0 la finalit\u00e9 du traitement. Toutefois, il peut \u00eatre amen\u00e9 \u00e0 conserver certaines donn\u00e9es plus longtemps pour respecter des obligations l\u00e9gales.<\/p><p>\u00a0<\/p><p>e) <strong>Droit d&rsquo;acc\u00e8s et droit de rectification et portabilit\u00e9 de vos donn\u00e9es personnelles<\/strong><\/p><p>\u00a0<\/p><p>\u2022 La personne concern\u00e9e dispose d&rsquo;un droit d&rsquo;acc\u00e8s, de rectification, de portabilit\u00e9 et de suppression, \u00e0 tout moment, de ses donn\u00e9es personnelles.<\/p><p>\u2022 La personne concern\u00e9e peut refuser d&rsquo;utiliser ses coordonn\u00e9es dans le but de recevoir du mat\u00e9riel marketing de Coutinho Rebelo Avocats.<\/p><p>\u2022 La personne concern\u00e9e peut exercer l&rsquo;un de ces droits par \u00e9crit, via le courriel suivant : <a href=\"mailto:dpo@coutinhorebelo.com\">dpo@coutinhorebelo.com<\/a>; ou par lettre, envoy\u00e9e \u00e0 notre bureau situ\u00e9 \u00e0 Rue Serpa Pinto, num\u00e9ro 15, 4\u00e9me \u00e9tage droit, 1200-443, Lisbonne, Portugal.<\/p><p>\u00a0<\/p><p>f) <strong>Transfert de donn\u00e9es hors de l&rsquo;Union europ\u00e9enne<\/strong><\/p><p>\u00a0<\/p><p>Les donn\u00e9es collect\u00e9es par le site ne sont pas transf\u00e9r\u00e9es hors de l&rsquo;Union europ\u00e9enne, sauf si l&rsquo;utilisateur se trouve hors de l&rsquo;Union europ\u00e9enne. Certains processeurs de donn\u00e9es tiers n&rsquo;op\u00e8rent pas dans l&rsquo;Union europ\u00e9enne et il est n\u00e9cessaire de lire leurs politiques de confidentialit\u00e9.<\/p><p>\u00a0<\/p><p>g) <strong>Utilisation internationale<\/strong><\/p><p>\u00a0<\/p><p>Si l&rsquo;utilisateur se trouve en dehors du Portugal, nous vous informons que les donn\u00e9es sont h\u00e9berg\u00e9es sur un serveur situ\u00e9 dans l&rsquo;Union europ\u00e9enne, appliquant des r\u00e8gles de protection des donn\u00e9es qui peuvent \u00eatre diff\u00e9rentes de celles applicables dans votre pays d&rsquo;origine, m\u00eame au sein de l&rsquo;Union europ\u00e9enne.<\/p><p>\u00a0<\/p><p>h) <strong>Hyperliens (Liens)<\/strong><\/p><p>\u00a0<\/p><p>Le site <a href=\"http:\/\/www.coutinhorebelo.com\">www.coutinhorebelo.com<\/a> contient des hyperliens vers d\u2019autres sites \u00e9lectroniques (sites). Coutinho Rebelo Avocats n\u2019est pas responsable des politiques de confidentialit\u00e9 de ces m\u00eames sites \u00e9lectroniques. Il est recommand\u00e9 aux utilisateurs du site <a href=\"http:\/\/www.coutinhorebelo.com\">www.coutinhorebelo.com<\/a> de consulter, lorsqu&rsquo;ils acc\u00e8dent \u00e0 d&rsquo;autres sites Web \u00e9lectroniques, les pages de ces sites Web qui font r\u00e9f\u00e9rence \u00e0 leurs politiques de confidentialit\u00e9. Ce texte fait uniquement r\u00e9f\u00e9rence \u00e0 la politique de confidentialit\u00e9 applicable au site <a href=\"http:\/\/www.coutinhorebelo.com\">www.coutinhorebelo.com<\/a><\/p><p>\u00a0<\/p><p>i) <strong>Suivi des visites sur le site Web<\/strong><\/p><p>\u00a0<\/p><p>Le site <a href=\"http:\/\/www.coutinhorebelo.com\">www.coutinhorebelo.com<\/a> utilise Google Analytics (GA) pour suivre l&rsquo;interaction de l&rsquo;utilisateur sur le site Web. Les informations collect\u00e9es sont utilis\u00e9es pour d\u00e9terminer le nombre d&rsquo;utilisateurs qui acc\u00e8dent au site <a href=\"http:\/\/www.coutinhorebelo.com\">www.coutinhorebelo.com<\/a>. Coutinho Rebelo Avocats utilise ces informations pour mieux comprendre comment les utilisateurs trouvent et utilisent les pages Web.GA collecte des informations concernant la localisation g\u00e9ographique, l&rsquo;appareil, le navigateur Internet et le syst\u00e8me d&rsquo;exploitation, cependant, aucune information n&rsquo;identifie personnellement l&rsquo;utilisateur. GA collecte \u00e9galement l&rsquo;adresse IP pour identifier personnellement l&rsquo;utilisateur, mais Google n&rsquo;accorde pas l&rsquo;acc\u00e8s \u00e0 ces informations. Coutinho Rebelo Avocats consid\u00e8re Google comme un sous-traitant tiers. GA utilise des cookies. Des d\u00e9tails sur la fa\u00e7on dont ceux-ci sont trait\u00e9s peuvent \u00eatre trouv\u00e9s dans le guide du d\u00e9veloppeur de Google. La d\u00e9sactivation des cookies dans votre navigateur Internet emp\u00eachera Google de suivre une quelconque partie de votre visite sur les pages de ce site Web.<\/p><p>\u00a0<\/p><p>j) <strong>S\u00e9curit\u00e9 des donn\u00e9es<\/strong><\/p><p>\u00a0<\/p><p>Chaque fois que des informations sensibles sont collect\u00e9es ou utilis\u00e9es, les donn\u00e9es seront crypt\u00e9es \u00e0 l&rsquo;aide de SSL (Security Sockets Layer).Gr\u00e2ce au protocole SSL, qui prot\u00e8ge la transmission de toutes les donn\u00e9es sensibles sur Internet, toutes les informations sont trait\u00e9es avec une s\u00e9curit\u00e9 maximale. Votre vie priv\u00e9e est assur\u00e9e et le risque d\u2019interception de donn\u00e9es lors de la communication est compl\u00e8tement \u00e9limin\u00e9.Si vous avez des questions sur la s\u00e9curit\u00e9 et la confidentialit\u00e9 que Coutinho Rebelo Avocats vous garantit, veuillez contacter <a href=\"mailto:dpo@coutinhorebelo.com\">dpo@coutinhorebelo.com<\/a>, ou par courrier, \u00e0 Rue Serpa Pinto, num\u00e9ro 15, 4\u00e9me \u00e9tage droit, 1200-443, Lisbonne, Portugal.<\/p><p>\u00a0<\/p><p>l) <strong>Sous-traitants tiers<\/strong><\/p><p>\u00a0<\/p><p>Coutinho Rebelo Avocats s&rsquo;appuie sur un certain nombre de tiers pour traiter les informations personnelles. L\u2019entit\u00e9 qui a \u00e9t\u00e9 choisi est Google (Politique de confidentialit\u00e9).<\/p><p>\u00a0<\/p><p>m) <strong>Contacts<\/strong><\/p><p>\u00a0<\/p><p>Le responsable du traitement de ce site Internet est Coutinho Rebelo Avocats et peut \u00eatre contact\u00e9 \u00e0 l&rsquo;adresse postale Rue Serpa Pinto, num\u00e9ro 15, 4\u00e9me \u00e9tage droit, 1200-443, Lisbonne, Portugal ou, alternativement par courrier \u00e9lectronique, <a href=\"mailto:dpo@coutinhorebelo.com\">dpo@coutinhorebelo.com<\/a> .\u00a0Le d\u00e9l\u00e9gu\u00e9 \u00e0 la protection des donn\u00e9es (DPD) peut \u00eatre contact\u00e9 via l&rsquo;adresse postale du responsable du traitement ou bien par e-mail <a href=\"mailto:dpo@coutinhorebelo.com\">dpo@coutinhorebelo.com<\/a> .\u00a0Si vous pensez que Coutinho Rebelo Avocats n&rsquo;a pas respect\u00e9 cette d\u00e9claration, si vous avez des questions sur notre politique de confidentialit\u00e9 ou sur les informations que nous d\u00e9tenons \u00e0 votre sujet, veuillez nous contacter \u00e0 <a href=\"http:\/\/www.coutinhorebelo.com\">www.coutinhorebelo.com<\/a> . Nous r\u00e9pondrons aux questions dans un d\u00e9lai de quinze jours.<\/p><p>\u00a0<\/p><p>o) <strong>Modifications de cet avis de confidentialit\u00e9<\/strong><\/p><p>\u00a0<\/p><p>Nos politiques de confidentialit\u00e9 sont r\u00e9guli\u00e8rement r\u00e9vis\u00e9es et toute modification sera publi\u00e9e sur ce site <a href=\"http:\/\/www.coutinhorebelo.com\">www.coutinhorebelo.com<\/a> . La derni\u00e8re mise \u00e0 jour date du 31.10.2023.<\/p>\t\t\t\t\t\t\t\t<\/div>\n\t\t\t\t<\/div>\n\t\t\t\t\t<\/div>\n\t\t\t\t<\/div>\n\t\t\t\t<\/div>\n\t\t","protected":false},"excerpt":{"rendered":"<p>Politique de Confidentialit\u00e9 Cette Politique contient les r\u00e8gles applicables \u00e0 la collecte et au traitement des donn\u00e9es personnelles par Coutinho Rebelo Avocats, \u00e0 savoir son site internet (www.coutinhorebelo.com). Ces r\u00e8gles ne remplacent aucune clause faisant l&rsquo;objet d&rsquo;un accord sp\u00e9cifique avec tout client, partenaire et\/ou fournisseur. Dans ce cas, cette politique peut compl\u00e9ter ces documents, mais [&hellip;]<\/p>\n","protected":false},"author":2,"featured_media":0,"parent":0,"menu_order":0,"comment_status":"closed","ping_status":"closed","template":"","meta":{"inline_featured_image":false,"footnotes":""},"class_list":["post-4255","page","type-page","status-publish","hentry"],"blocksy_meta":[],"yoast_head":"<!-- This site is optimized with the Yoast SEO plugin v26.3 - https:\/\/yoast.com\/wordpress\/plugins\/seo\/ -->\n<title>Politique de Confidentialit\u00e9 - Coutinho Rebelo Advogados<\/title>\n<meta name=\"robots\" content=\"index, follow, max-snippet:-1, max-image-preview:large, max-video-preview:-1\" \/>\n<link rel=\"canonical\" href=\"https:\/\/www.coutinhorebelo.com\/politica-de-privacidade\/\" \/>\n<meta property=\"og:locale\" content=\"fr_FR\" \/>\n<meta property=\"og:type\" content=\"article\" \/>\n<meta property=\"og:title\" content=\"Politique de Confidentialit\u00e9 - Coutinho Rebelo Advogados\" \/>\n<meta property=\"og:description\" content=\"Politique de Confidentialit\u00e9 Cette Politique contient les r\u00e8gles applicables \u00e0 la collecte et au traitement des donn\u00e9es personnelles par Coutinho Rebelo Avocats, \u00e0 savoir son site internet (www.coutinhorebelo.com). Ces r\u00e8gles ne remplacent aucune clause faisant l&rsquo;objet d&rsquo;un accord sp\u00e9cifique avec tout client, partenaire et\/ou fournisseur. Dans ce cas, cette politique peut compl\u00e9ter ces documents, mais [&hellip;]\" \/>\n<meta property=\"og:url\" content=\"https:\/\/www.coutinhorebelo.com\/politica-de-privacidade\/\" \/>\n<meta property=\"og:site_name\" content=\"Coutinho Rebelo Advogados\" \/>\n<meta property=\"article:modified_time\" content=\"2023-10-13T11:53:42+00:00\" \/>\n<meta name=\"twitter:card\" content=\"summary_large_image\" \/>\n<meta name=\"twitter:label1\" content=\"Dur\u00e9e de lecture estim\u00e9e\" \/>\n\t<meta name=\"twitter:data1\" content=\"8 minutes\" \/>\n<script type=\"application\/ld+json\" class=\"yoast-schema-graph\">{\"@context\":\"https:\/\/schema.org\",\"@graph\":[{\"@type\":\"WebPage\",\"@id\":\"https:\/\/www.coutinhorebelo.com\/politica-de-privacidade\/\",\"url\":\"https:\/\/www.coutinhorebelo.com\/politica-de-privacidade\/\",\"name\":\"Politique de Confidentialit\u00e9 - Coutinho Rebelo Advogados\",\"isPartOf\":{\"@id\":\"https:\/\/www.coutinhorebelo.com\/#website\"},\"datePublished\":\"2023-06-29T16:23:45+00:00\",\"dateModified\":\"2023-10-13T11:53:42+00:00\",\"breadcrumb\":{\"@id\":\"https:\/\/www.coutinhorebelo.com\/politica-de-privacidade\/#breadcrumb\"},\"inLanguage\":\"fr-FR\",\"potentialAction\":[{\"@type\":\"ReadAction\",\"target\":[\"https:\/\/www.coutinhorebelo.com\/politica-de-privacidade\/\"]}]},{\"@type\":\"BreadcrumbList\",\"@id\":\"https:\/\/www.coutinhorebelo.com\/politica-de-privacidade\/#breadcrumb\",\"itemListElement\":[{\"@type\":\"ListItem\",\"position\":1,\"name\":\"In\u00edcio\",\"item\":\"https:\/\/www.coutinhorebelo.com\/\"},{\"@type\":\"ListItem\",\"position\":2,\"name\":\"Politique de Confidentialit\u00e9\"}]},{\"@type\":\"WebSite\",\"@id\":\"https:\/\/www.coutinhorebelo.com\/#website\",\"url\":\"https:\/\/www.coutinhorebelo.com\/\",\"name\":\"Coutinho Rebelo Advogados\",\"description\":\"Num mar de leis, o seu farol.\",\"publisher\":{\"@id\":\"https:\/\/www.coutinhorebelo.com\/#organization\"},\"alternateName\":\"Coutinho Rebelo\",\"potentialAction\":[{\"@type\":\"SearchAction\",\"target\":{\"@type\":\"EntryPoint\",\"urlTemplate\":\"https:\/\/www.coutinhorebelo.com\/?s={search_term_string}\"},\"query-input\":{\"@type\":\"PropertyValueSpecification\",\"valueRequired\":true,\"valueName\":\"search_term_string\"}}],\"inLanguage\":\"fr-FR\"},{\"@type\":\"Organization\",\"@id\":\"https:\/\/www.coutinhorebelo.com\/#organization\",\"name\":\"Coutinho Rebelo Advogados\",\"alternateName\":\"Ant\u00f3nio Coutinho Rebelo\",\"url\":\"https:\/\/www.coutinhorebelo.com\/\",\"logo\":{\"@type\":\"ImageObject\",\"inLanguage\":\"fr-FR\",\"@id\":\"https:\/\/www.coutinhorebelo.com\/#\/schema\/logo\/image\/\",\"url\":\"https:\/\/www.coutinhorebelo.com\/wp-content\/uploads\/2023\/06\/coutinho_rebelo-logo-pt.svg\",\"contentUrl\":\"https:\/\/www.coutinhorebelo.com\/wp-content\/uploads\/2023\/06\/coutinho_rebelo-logo-pt.svg\",\"width\":222.1,\"height\":100,\"caption\":\"Coutinho Rebelo Advogados\"},\"image\":{\"@id\":\"https:\/\/www.coutinhorebelo.com\/#\/schema\/logo\/image\/\"}}]}<\/script>\n<!-- \/ Yoast SEO plugin. -->","yoast_head_json":{"title":"Politique de Confidentialit\u00e9 - Coutinho Rebelo Advogados","robots":{"index":"index","follow":"follow","max-snippet":"max-snippet:-1","max-image-preview":"max-image-preview:large","max-video-preview":"max-video-preview:-1"},"canonical":"https:\/\/www.coutinhorebelo.com\/politica-de-privacidade\/","og_locale":"fr_FR","og_type":"article","og_title":"Politique de Confidentialit\u00e9 - Coutinho Rebelo Advogados","og_description":"Politique de Confidentialit\u00e9 Cette Politique contient les r\u00e8gles applicables \u00e0 la collecte et au traitement des donn\u00e9es personnelles par Coutinho Rebelo Avocats, \u00e0 savoir son site internet (www.coutinhorebelo.com). Ces r\u00e8gles ne remplacent aucune clause faisant l&rsquo;objet d&rsquo;un accord sp\u00e9cifique avec tout client, partenaire et\/ou fournisseur. Dans ce cas, cette politique peut compl\u00e9ter ces documents, mais [&hellip;]","og_url":"https:\/\/www.coutinhorebelo.com\/politica-de-privacidade\/","og_site_name":"Coutinho Rebelo Advogados","article_modified_time":"2023-10-13T11:53:42+00:00","twitter_card":"summary_large_image","twitter_misc":{"Dur\u00e9e de lecture estim\u00e9e":"8 minutes"},"schema":{"@context":"https:\/\/schema.org","@graph":[{"@type":"WebPage","@id":"https:\/\/www.coutinhorebelo.com\/politica-de-privacidade\/","url":"https:\/\/www.coutinhorebelo.com\/politica-de-privacidade\/","name":"Politique de Confidentialit\u00e9 - Coutinho Rebelo Advogados","isPartOf":{"@id":"https:\/\/www.coutinhorebelo.com\/#website"},"datePublished":"2023-06-29T16:23:45+00:00","dateModified":"2023-10-13T11:53:42+00:00","breadcrumb":{"@id":"https:\/\/www.coutinhorebelo.com\/politica-de-privacidade\/#breadcrumb"},"inLanguage":"fr-FR","potentialAction":[{"@type":"ReadAction","target":["https:\/\/www.coutinhorebelo.com\/politica-de-privacidade\/"]}]},{"@type":"BreadcrumbList","@id":"https:\/\/www.coutinhorebelo.com\/politica-de-privacidade\/#breadcrumb","itemListElement":[{"@type":"ListItem","position":1,"name":"In\u00edcio","item":"https:\/\/www.coutinhorebelo.com\/"},{"@type":"ListItem","position":2,"name":"Politique de Confidentialit\u00e9"}]},{"@type":"WebSite","@id":"https:\/\/www.coutinhorebelo.com\/#website","url":"https:\/\/www.coutinhorebelo.com\/","name":"Coutinho Rebelo Advogados","description":"Num mar de leis, o seu farol.","publisher":{"@id":"https:\/\/www.coutinhorebelo.com\/#organization"},"alternateName":"Coutinho Rebelo","potentialAction":[{"@type":"SearchAction","target":{"@type":"EntryPoint","urlTemplate":"https:\/\/www.coutinhorebelo.com\/?s={search_term_string}"},"query-input":{"@type":"PropertyValueSpecification","valueRequired":true,"valueName":"search_term_string"}}],"inLanguage":"fr-FR"},{"@type":"Organization","@id":"https:\/\/www.coutinhorebelo.com\/#organization","name":"Coutinho Rebelo Advogados","alternateName":"Ant\u00f3nio Coutinho Rebelo","url":"https:\/\/www.coutinhorebelo.com\/","logo":{"@type":"ImageObject","inLanguage":"fr-FR","@id":"https:\/\/www.coutinhorebelo.com\/#\/schema\/logo\/image\/","url":"https:\/\/www.coutinhorebelo.com\/wp-content\/uploads\/2023\/06\/coutinho_rebelo-logo-pt.svg","contentUrl":"https:\/\/www.coutinhorebelo.com\/wp-content\/uploads\/2023\/06\/coutinho_rebelo-logo-pt.svg","width":222.1,"height":100,"caption":"Coutinho Rebelo Advogados"},"image":{"@id":"https:\/\/www.coutinhorebelo.com\/#\/schema\/logo\/image\/"}}]}},"_links":{"self":[{"href":"https:\/\/www.coutinhorebelo.com\/fr\/wp-json\/wp\/v2\/pages\/4255","targetHints":{"allow":["GET"]}}],"collection":[{"href":"https:\/\/www.coutinhorebelo.com\/fr\/wp-json\/wp\/v2\/pages"}],"about":[{"href":"https:\/\/www.coutinhorebelo.com\/fr\/wp-json\/wp\/v2\/types\/page"}],"author":[{"embeddable":true,"href":"https:\/\/www.coutinhorebelo.com\/fr\/wp-json\/wp\/v2\/users\/2"}],"replies":[{"embeddable":true,"href":"https:\/\/www.coutinhorebelo.com\/fr\/wp-json\/wp\/v2\/comments?post=4255"}],"version-history":[{"count":7,"href":"https:\/\/www.coutinhorebelo.com\/fr\/wp-json\/wp\/v2\/pages\/4255\/revisions"}],"predecessor-version":[{"id":4291,"href":"https:\/\/www.coutinhorebelo.com\/fr\/wp-json\/wp\/v2\/pages\/4255\/revisions\/4291"}],"wp:attachment":[{"href":"https:\/\/www.coutinhorebelo.com\/fr\/wp-json\/wp\/v2\/media?parent=4255"}],"curies":[{"name":"wp","href":"https:\/\/api.w.org\/{rel}","templated":true}]}}